{"id":250,"date":"2019-12-18T13:43:06","date_gmt":"2019-12-18T13:43:06","guid":{"rendered":"https:\/\/bridge302.qodeinteractive.com\/?page_id=250"},"modified":"2022-03-06T14:57:52","modified_gmt":"2022-03-06T14:57:52","slug":"contact-us","status":"publish","type":"page","link":"https:\/\/beautynails-gd.de\/?page_id=250","title":{"rendered":"\bKontakt"},"content":{"rendered":"\t\t<div data-elementor-type=\"wp-page\" data-elementor-id=\"250\" class=\"elementor elementor-250\">\n\t\t\t\t\t\t<section class=\"elementor-section elementor-top-section elementor-element elementor-element-e355397 qode_elementor_container_inner elementor-section-boxed elementor-section-height-default elementor-section-height-default parallax_section_no\" data-id=\"e355397\" data-element_type=\"section\">\n\t\t\t\t\t\t<div class=\"elementor-container elementor-column-gap-default\">\n\t\t\t\t\t<div class=\"elementor-column elementor-col-50 elementor-top-column elementor-element elementor-element-cd05421\" data-id=\"cd05421\" data-element_type=\"column\">\n\t\t\t<div class=\"elementor-widget-wrap elementor-element-populated\">\n\t\t\t\t\t\t<section class=\"elementor-section elementor-inner-section elementor-element elementor-element-18d900e elementor-section-boxed elementor-section-height-default elementor-section-height-default parallax_section_no qode_elementor_container_no\" data-id=\"18d900e\" data-element_type=\"section\">\n\t\t\t\t\t\t<div class=\"elementor-container elementor-column-gap-default\">\n\t\t\t\t\t<div class=\"elementor-column elementor-col-100 elementor-inner-column elementor-element elementor-element-91b7c85\" data-id=\"91b7c85\" data-element_type=\"column\">\n\t\t\t<div class=\"elementor-widget-wrap elementor-element-populated\">\n\t\t\t\t\t\t<div class=\"elementor-element elementor-element-3e76e5d elementor-widget elementor-widget-text-editor\" data-id=\"3e76e5d\" data-element_type=\"widget\" data-widget_type=\"text-editor.default\">\n\t\t\t\t<div class=\"elementor-widget-container\">\n\t\t\t<style>\/*! elementor - v3.23.0 - 05-08-2024 *\/\n.elementor-widget-text-editor.elementor-drop-cap-view-stacked .elementor-drop-cap{background-color:#69727d;color:#fff}.elementor-widget-text-editor.elementor-drop-cap-view-framed .elementor-drop-cap{color:#69727d;border:3px solid;background-color:transparent}.elementor-widget-text-editor:not(.elementor-drop-cap-view-default) .elementor-drop-cap{margin-top:8px}.elementor-widget-text-editor:not(.elementor-drop-cap-view-default) .elementor-drop-cap-letter{width:1em;height:1em}.elementor-widget-text-editor .elementor-drop-cap{float:left;text-align:center;line-height:1;font-size:50px}.elementor-widget-text-editor .elementor-drop-cap-letter{display:inline-block}<\/style>\t\t\t\t<h3>Rufen Sie uns<\/h3>\t\t\t\t\t\t<\/div>\n\t\t\t\t<\/div>\n\t\t\t\t<div class=\"elementor-element elementor-element-4248405 elementor-widget elementor-widget-text-editor\" data-id=\"4248405\" data-element_type=\"widget\" data-widget_type=\"text-editor.default\">\n\t\t\t\t<div class=\"elementor-widget-container\">\n\t\t\t\t\t\t\t<p><span class=\"w8qArf\">\u00a0<\/span><span class=\"LrzXr zdqRlf kno-fv\"><a href=\"tel: 07171 9415969\" data-dtype=\"d3ph\" data-local-attribute=\"d3ph\" data-ved=\"2ahUKEwiuxrqL0bH2AhUHr6QKHRZSDPgQkAgoAHoECDkQAw\"><span aria-label=\"07171 9415969 anrufen\">07171 9415969<\/span><\/a><\/span><\/p>\t\t\t\t\t\t<\/div>\n\t\t\t\t<\/div>\n\t\t\t\t<div class=\"elementor-element elementor-element-979f1e9 elementor-widget elementor-widget-text-editor\" data-id=\"979f1e9\" data-element_type=\"widget\" data-widget_type=\"text-editor.default\">\n\t\t\t\t<div class=\"elementor-widget-container\">\n\t\t\t\t\t\t\t<p>\u00d6ffnungszeiten<\/p><p><span style=\"color: #000000;\">MON-SAT:<\/span> 9:30 &#8211; 19:00<\/p><p><span style=\"color: #000000;\">SONNTAG: Geschlossen<\/span><\/p>\t\t\t\t\t\t<\/div>\n\t\t\t\t<\/div>\n\t\t\t\t\t<\/div>\n\t\t<\/div>\n\t\t\t\t\t<\/div>\n\t\t<\/section>\n\t\t\t\t\t<\/div>\n\t\t<\/div>\n\t\t\t\t<div class=\"elementor-column elementor-col-50 elementor-top-column elementor-element elementor-element-a1c4f31\" data-id=\"a1c4f31\" data-element_type=\"column\">\n\t\t\t<div class=\"elementor-widget-wrap elementor-element-populated\">\n\t\t\t\t\t\t<div class=\"elementor-element elementor-element-8460a20 elementor-widget elementor-widget-text-editor\" data-id=\"8460a20\" data-element_type=\"widget\" data-widget_type=\"text-editor.default\">\n\t\t\t\t<div class=\"elementor-widget-container\">\n\t\t\t\t\t\t\t<h3>EMAIL<\/h3>\t\t\t\t\t\t<\/div>\n\t\t\t\t<\/div>\n\t\t\t\t\t<\/div>\n\t\t<\/div>\n\t\t\t\t\t<\/div>\n\t\t<\/section>\n\t\t\t\t<section class=\"elementor-section elementor-top-section elementor-element elementor-element-7488947 elementor-section-full_width qode_elementor_container_inner elementor-section-height-default elementor-section-height-default parallax_section_no\" data-id=\"7488947\" data-element_type=\"section\">\n\t\t\t\t\t\t<div class=\"elementor-container elementor-column-gap-default\">\n\t\t\t\t\t<div class=\"elementor-column elementor-col-100 elementor-top-column elementor-element elementor-element-d371faf\" data-id=\"d371faf\" data-element_type=\"column\">\n\t\t\t<div class=\"elementor-widget-wrap elementor-element-populated\">\n\t\t\t\t\t\t<div class=\"elementor-element elementor-element-4b74a90 elementor-widget elementor-widget-text-editor\" data-id=\"4b74a90\" data-element_type=\"widget\" data-widget_type=\"text-editor.default\">\n\t\t\t\t<div class=\"elementor-widget-container\">\n\t\t\t\t\t\t\t<center><h3>Unsere Gesch\u00e4ft<\/h3>\t\t\t\t\t\t<\/div>\n\t\t\t\t<\/div>\n\t\t\t\t<section class=\"elementor-section elementor-inner-section elementor-element elementor-element-fc8d1db elementor-section-boxed elementor-section-height-default elementor-section-height-default parallax_section_no qode_elementor_container_no\" data-id=\"fc8d1db\" data-element_type=\"section\">\n\t\t\t\t\t\t<div class=\"elementor-container elementor-column-gap-default\">\n\t\t\t\t\t<div class=\"elementor-column elementor-col-100 elementor-inner-column elementor-element elementor-element-aa503f1\" data-id=\"aa503f1\" data-element_type=\"column\">\n\t\t\t<div class=\"elementor-widget-wrap elementor-element-populated\">\n\t\t\t\t\t\t<div class=\"elementor-element elementor-element-ae1e988 elementor-widget elementor-widget-image\" data-id=\"ae1e988\" data-element_type=\"widget\" data-widget_type=\"image.default\">\n\t\t\t\t<div class=\"elementor-widget-container\">\n\t\t\t<style>\/*! elementor - v3.23.0 - 05-08-2024 *\/\n.elementor-widget-image{text-align:center}.elementor-widget-image a{display:inline-block}.elementor-widget-image a img[src$=\".svg\"]{width:48px}.elementor-widget-image img{vertical-align:middle;display:inline-block}<\/style>\t\t\t\t\t\t\t\t\t\t<img fetchpriority=\"high\" width=\"1624\" height=\"1084\" src=\"https:\/\/beautynails-gd.de\/wp-content\/uploads\/2022\/03\/Bildschirmfoto-2022-03-06-um-14.56.11.png\" class=\"attachment-full size-full wp-image-497\" alt=\"\" srcset=\"https:\/\/beautynails-gd.de\/wp-content\/uploads\/2022\/03\/Bildschirmfoto-2022-03-06-um-14.56.11.png 1624w, https:\/\/beautynails-gd.de\/wp-content\/uploads\/2022\/03\/Bildschirmfoto-2022-03-06-um-14.56.11-300x200.png 300w, https:\/\/beautynails-gd.de\/wp-content\/uploads\/2022\/03\/Bildschirmfoto-2022-03-06-um-14.56.11-1024x684.png 1024w, https:\/\/beautynails-gd.de\/wp-content\/uploads\/2022\/03\/Bildschirmfoto-2022-03-06-um-14.56.11-768x513.png 768w, https:\/\/beautynails-gd.de\/wp-content\/uploads\/2022\/03\/Bildschirmfoto-2022-03-06-um-14.56.11-1536x1025.png 1536w, https:\/\/beautynails-gd.de\/wp-content\/uploads\/2022\/03\/Bildschirmfoto-2022-03-06-um-14.56.11-700x467.png 700w, https:\/\/beautynails-gd.de\/wp-content\/uploads\/2022\/03\/Bildschirmfoto-2022-03-06-um-14.56.11-600x400.png 600w\" sizes=\"(max-width: 1624px) 100vw, 1624px\" \/>\t\t\t\t\t\t\t\t\t\t\t\t\t<\/div>\n\t\t\t\t<\/div>\n\t\t\t\t<div class=\"elementor-element elementor-element-3b9bc4d elementor-widget elementor-widget-text-editor\" data-id=\"3b9bc4d\" data-element_type=\"widget\" data-widget_type=\"text-editor.default\">\n\t\t\t\t<div class=\"elementor-widget-container\">\n\t\t\t\t\t\t\t<center><h4>Schw\u00e4bisch Gm\u00fcnd<\/h4>\t\t\t\t\t\t<\/div>\n\t\t\t\t<\/div>\n\t\t\t\t<div class=\"elementor-element elementor-element-693a5bd elementor-widget elementor-widget-text-editor\" data-id=\"693a5bd\" data-element_type=\"widget\" data-widget_type=\"text-editor.default\">\n\t\t\t\t<div class=\"elementor-widget-container\">\n\t\t\t\t\t\t\t<center>Vordere Schmiedgasse 3, 73525 Schw\u00e4bisch Gm\u00fcnd\n<br>\n07171 9415969\t\t\t\t\t\t<\/div>\n\t\t\t\t<\/div>\n\t\t\t\t\t<\/div>\n\t\t<\/div>\n\t\t\t\t\t<\/div>\n\t\t<\/section>\n\t\t\t\t\t<\/div>\n\t\t<\/div>\n\t\t\t\t\t<\/div>\n\t\t<\/section>\n\t\t\t\t<\/div>\n\t\t","protected":false},"excerpt":{"rendered":"<p>Rufen Sie uns &nbsp;07171 9415969 \u00d6ffnungszeiten MON-SAT: 9:30 &#8211; 19:00 SONNTAG: Geschlossen EMAIL Enter comment Unsere Gesch\u00e4ft Schw\u00e4bisch Gm\u00fcnd Vordere Schmiedgasse 3, 73525 Schw\u00e4bisch Gm\u00fcnd 07171 9415969<\/p>\n","protected":false},"author":1,"featured_media":0,"parent":0,"menu_order":0,"comment_status":"closed","ping_status":"closed","template":"full_width.php","meta":[],"_links":{"self":[{"href":"https:\/\/beautynails-gd.de\/index.php?rest_route=\/wp\/v2\/pages\/250"}],"collection":[{"href":"https:\/\/beautynails-gd.de\/index.php?rest_route=\/wp\/v2\/pages"}],"about":[{"href":"https:\/\/beautynails-gd.de\/index.php?rest_route=\/wp\/v2\/types\/page"}],"author":[{"embeddable":true,"href":"https:\/\/beautynails-gd.de\/index.php?rest_route=\/wp\/v2\/users\/1"}],"replies":[{"embeddable":true,"href":"https:\/\/beautynails-gd.de\/index.php?rest_route=%2Fwp%2Fv2%2Fcomments&post=250"}],"version-history":[{"count":16,"href":"https:\/\/beautynails-gd.de\/index.php?rest_route=\/wp\/v2\/pages\/250\/revisions"}],"predecessor-version":[{"id":514,"href":"https:\/\/beautynails-gd.de\/index.php?rest_route=\/wp\/v2\/pages\/250\/revisions\/514"}],"wp:attachment":[{"href":"https:\/\/beautynails-gd.de\/index.php?rest_route=%2Fwp%2Fv2%2Fmedia&parent=250"}],"curies":[{"name":"wp","href":"https:\/\/api.w.org\/{rel}","templated":true}]}}